{"id":56252,"date":"2026-02-11T08:46:44","date_gmt":"2026-02-11T08:46:44","guid":{"rendered":"https:\/\/mycodelab.space\/?page_id=56252"},"modified":"2026-02-11T09:11:17","modified_gmt":"2026-02-11T09:11:17","slug":"zasady-ochrany-osobnich-udaju","status":"publish","type":"page","link":"https:\/\/mycodelab.space\/en\/zasady-ochrany-osobnich-udaju\/","title":{"rendered":"Privacy Policy |"},"content":{"rendered":"<div data-elementor-type=\"wp-page\" data-elementor-id=\"56252\" class=\"elementor elementor-56252\">\n\t\t\t\t<div class=\"elementor-element elementor-element-05981ac e-flex e-con-boxed cmsmasters-block-default e-con e-parent\" data-id=\"05981ac\" data-element_type=\"container\" data-e-type=\"container\">\n\t\t\t\t\t<div class=\"e-con-inner\">\n\t\t\t\t<div class=\"elementor-element elementor-element-6334868 cmsmasters-block-default cmsmasters-sticky-default elementor-widget elementor-widget-text-editor\" data-id=\"6334868\" data-element_type=\"widget\" data-e-type=\"widget\" data-widget_type=\"text-editor.default\">\n\t\t\t\t\t\t\t\t\t<div class=\"title-left---content-right paragraph-content\" data-w-id=\"6c323646-cb82-807e-4b01-8af1f221ea00\"><div class=\"width-100-mobile-landscape\"><div class=\"inner-container _362px---tablet _100-mbl\"><div class=\"inner-container _580px\"><h1 style=\"font-size: 45px;\">Informace o\u00a0zpracov\u00e1n\u00ed osobn\u00edch \u00fadaj\u016f<\/h1><\/div><\/div><\/div><\/div><div class=\"mg-top-56px\"><div class=\"rich-text-v2 w-richtext\"><p>Ochrana osobn\u00edch \u00fadaj\u016f klient\u016f je na\u0161\u00ed prioritou. \u00dac\u030celem tohoto dokumentu je pr\u030cedev\u0161\u00edm poskytnout v\u00e1m informace o zp\u016fsobu a rozsahu zpracov\u00e1n\u00ed t\u011bchto \u00fadaj\u016f, jako\u017e i o pr\u00e1vech, kter\u00e1 v\u00e1m v souvislosti s jejich zpracov\u00e1n\u00edm n\u00e1le\u017e\u00ed.<\/p><p>P\u0159i zpracov\u00e1v\u00e1n\u00ed osobn\u00edch \u00fadaj\u016f se \u0159\u00edd\u00edme platn\u00fdmi pr\u00e1vn\u00edmi p\u0159edpisy, zejm\u00e9na z\u00e1konem<br \/>\u010d. 110\/2019 Sb., o zpracov\u00e1n\u00ed osobn\u00edch \u00fadaj\u016f (d\u00e1le jen \u201eZ\u00e1kon\u201c) a obecn\u00fdm Na\u0159\u00edzen\u00edm Evropsk\u00e9ho parlamentu a Rady (EU) 2016\/679 ze dne 27. dubna 2016 o ochran\u011b fyzick\u00fdch osob v souvislosti se zpracov\u00e1n\u00edm osobn\u00edch \u00fadaj\u016f a o voln\u00e9m pohybu t\u011bchto \u00fadaj\u016f<br \/>a o zru\u0161en\u00ed sm\u011brnice 95\/46\/ES (d\u00e1le jen \u201eobecn\u00e9 na\u0159\u00edzen\u00ed\u201c \u010di \u201eGDPR\u201c). Obecn\u00e9 na\u0159\u00edzen\u00ed p\u0159edstavuje aktualizovan\u00fd pr\u00e1vn\u00ed r\u00e1mec ochrany osobn\u00edch \u00fadaj\u016f platn\u00fd na cel\u00e9m \u00fazem\u00ed EU a stanovuje pravidla pro zpracov\u00e1n\u00ed osobn\u00edch \u00fadaj\u016f, v\u010detn\u011b pr\u00e1v subjektu \u00fadaj\u016f (subjektem \u00fadaj\u016f jsou pouze fyzick\u00e9 osoby).<\/p><p>Va\u0161e osobn\u00ed \u00fadaje shroma\u017e\u010fujeme a zpracov\u00e1v\u00e1me, pokud:<\/p><ul role=\"list\"><li>jste k jejich zpracov\u00e1n\u00ed ud\u011blili souhlas ve smyslu \u010dl. 6 odst. 1. p\u00edsm. a) obecn\u00e9ho na\u0159\u00edzen\u00ed,<\/li><li>je to nezbytn\u00e9 pro spln\u011bn\u00ed smlouvy mezi v\u00e1mi a spr\u00e1vcem nebo pro proveden\u00ed opat\u0159en\u00ed spr\u00e1vcem p\u0159ed uzav\u0159en\u00edm takov\u00e9 smlouvy ve smyslu \u010dl. 6 odst. 1 p\u00edsm. b) obecn\u00e9ho na\u0159\u00edzen\u00ed,<\/li><li>je to nezbytn\u00e9 pro spln\u011bn\u00ed pr\u00e1vn\u00ed povinnosti, kter\u00e1 se na spr\u00e1vce vztahuje ve smyslu \u010dl. 6 odst. 1 p\u00edsm. c) obecn\u00e9ho na\u0159\u00edzen\u00ed,<\/li><li>je to nezbytn\u00e9 pro opr\u00e1vn\u011bn\u00fd z\u00e1jem spr\u00e1vce ve smyslu \u010dl. 6 odst. 1 p\u00edsm. f) obecn\u00e9ho na\u0159\u00edzen\u00ed.<\/li><\/ul><h3><strong>SPR\u00c1VCE OSOBN\u00cdCH \u00daDAJ\u016e<\/strong><\/h3><p>VIVERE REAL ESTATE, a.s.<\/p><p>se s\u00eddlem: Karolinsk\u00e1 707\/7, Karl\u00edn, 186 00 Praha 8<\/p><p>I\u010cO: 14405334<\/p><p>(d\u00e1le jen \u201eSpole\u010dnost\u201c nebo \u201espr\u00e1vce\u201c)<\/p><p>\u200d<\/p><p>Spr\u00e1vce shroma\u017e\u010fuje va\u0161e osobn\u00ed \u00fadaje, disponuje s nimi a nese odpov\u011bdnost za jejich \u0159\u00e1dn\u00e9 a z\u00e1konn\u00e9 zpracov\u00e1n\u00ed.<\/p><p>\u200d<\/p><h3><strong>JAK\u00c9 \u00daDAJE ZPRACOV\u00c1V\u00c1ME<\/strong><\/h3><h4><strong>Zpracov\u00e1v\u00e1ny jsou n\u00e1sleduj\u00edc\u00ed osobn\u00ed \u00fadaje:<\/strong><\/h4><ul role=\"list\"><li>identifika\u010dn\u00ed a kontaktn\u00ed \u00fadaje<\/li><li>\u00fadaje o produktech a sjednan\u00fdch slu\u017eb\u00e1ch<\/li><li>\u00fadaje o spole\u010dn\u00e9 komunikaci (a\u0165 u\u017e prob\u00edhala osobn\u011b, p\u00edsemn\u011b, telefonicky \u010di jinak)<\/li><li>platebn\u00ed \u00fadaje (nap\u0159. \u00fadaj o spl\u00e1tk\u00e1ch kupn\u00edch cen nebo dlu\u017en\u00fdch \u010d\u00e1stk\u00e1ch, \u010d\u00edslo \u00fa\u010dtu apod.)<\/li><li>dal\u0161\u00ed specifick\u00e9 \u00fadaje pot\u0159ebn\u00e9 k poskytov\u00e1n\u00ed sjednan\u00fdch slu\u017eeb<\/li><\/ul><h4><strong>D\u00e1le jsou obsa\u017eeny informace o zpracov\u00e1n\u00ed osobn\u00edch \u00fadaj\u016f<\/strong><\/h4><ul role=\"list\"><li>pro marketingov\u00e9 \u00fa\u010dely<\/li><li>pro \u00fa\u010dely uzav\u0159en\u00ed a pln\u011bn\u00ed smlouvy<\/li><\/ul><h3><strong>ZPRACOV\u00c1N\u00cd PRO \u00da\u010cELY UZAV\u0158EN\u00cd A PLN\u011aN\u00cd SMLOUVY<\/strong><\/h3><p>Z\u00e1konn\u00fdm d\u016fvodem zpracov\u00e1n\u00ed va\u0161ich osobn\u00edch \u00fadaj\u016f, a to \u00fadaj\u016f identifika\u010dn\u00edch a kontaktn\u00edch (zejm\u00e9na jm\u00e9no a p\u0159\u00edjmen\u00ed, akademick\u00fd titul, adresa, e-mailov\u00e1 adresa, telefon, datum narozen\u00ed, adresa trval\u00e9ho bydli\u0161t\u011b, \u010d\u00edslo \u00fa\u010dtu) je skute\u010dnost, \u017ee toto zpracov\u00e1n\u00ed je nezbytn\u00e9 pro spln\u011bn\u00ed smlouvy mezi v\u00e1mi a Spole\u010dnost\u00ed, v\u010detn\u011b p\u0159\u00edpadn\u00e9ho \u0159e\u0161en\u00ed reklamace a pr\u00e1v vypl\u00fdvaj\u00edc\u00edch z odpov\u011bdnosti za vady prodan\u00e9 v\u011bci, jako\u017e i pro proveden\u00ed opat\u0159en\u00ed spr\u00e1vcem p\u0159ed uzav\u0159en\u00edm takov\u00e9 smlouvy.<\/p><p>Va\u0161e platebn\u00ed \u00fadaje, tedy zejm\u00e9na c\u030c\u00edslo va\u0161eho bankovn\u00edho \u00fac\u030ctu a \u00fadaje z va\u0161\u00ed platebn\u00ed karty zpracov\u00e1v\u00e1me z d\u016fvodu identifikace va\u0161ich plateb.<\/p><p>Zpracov\u00e1v\u00e1n\u00ed \u00fadaj\u016f, jako jsou Va\u0161e jm\u00e9no a pr\u030c\u00edjmen\u00ed, adresa, \u00fadaje o zakoupen\u00e9m zbo\u017e\u00ed c\u030ci slu\u017eb\u011b a jejich cen\u011b, je nezbytn\u00e9 jednak proto, abychom v\u00e1m mohli vystavit vy\u00fac\u030ctov\u00e1n\u00ed za zbo\u017e\u00ed c\u030ci slu\u017eby, a d\u00e1le z toho d\u016fvodu, abychom mohli splnit povinnost v\u00e9st \u00fac\u030cetnictv\u00ed tak, jak n\u00e1m ukl\u00e1d\u00e1 z\u00e1kon.<\/p><p>Poskytnut\u00ed va\u0161ich osobn\u00edch \u00fadaj\u016f je tedy nutn\u00fdm po\u017eadavkem pro uzav\u0159en\u00ed smlouvy se spr\u00e1vcem a pro jej\u00ed pln\u011bn\u00ed. Bez jejich poskytnut\u00ed nen\u00ed mo\u017en\u00e9 smlouvu uzav\u0159\u00edt \u010di ji ze strany spr\u00e1vce splnit.<\/p><p>\u200d<\/p><h3><strong>ZPRACOV\u00c1N\u00cd PRO MARKETINGOV\u00c9 \u00da\u010cELY<\/strong><\/h3><p>Pro marketingov\u00e9 \u00fac\u030cely vyu\u017e\u00edv\u00e1me datab\u00e1zi na\u0161ich st\u00e1vaj\u00edc\u00edch z\u00e1kazn\u00edku\u030a, jako\u017e i seznam osob, kter\u00e9 se na\u0161imi z\u00e1kazn\u00edky teprve mohou st\u00e1t. V tomto seznamu m\u00e1me jejich jm\u00e9no a pr\u030c\u00edjmen\u00ed, telefonn\u00ed c\u030c\u00edslo a e-mail, kter\u00e9 z\u00edsk\u00e1v\u00e1me z vypln\u011bn\u00fdch formul\u00e1\u0159\u016f na webov\u00fdch str\u00e1nk\u00e1ch Spole\u010dnosti.<\/p><p>Obchodn\u00ed sd\u011blen\u00ed rozes\u00edl\u00e1me formou emailu, prost\u0159ednictv\u00edm internetu a soci\u00e1ln\u00edch s\u00edt\u00ed.<\/p><p>Pokud jde o zas\u00edlan\u00ed obchodn\u00edch sd\u011blen\u00ed elektronickou po\u0161tou st\u00e1vaj\u00edc\u00edm z\u00e1kazn\u00edku\u030am Spole\u010dnosti o stejn\u00fdch nebo obdobn\u00fdch v\u00fdrobc\u00edch c\u030ci slu\u017eb\u00e1ch Spole\u010dnosti, jde o pou\u017eit\u00ed osobn\u00edch \u00fadaj\u016f, k n\u011bmu\u017e nepot\u0159ebujeme v\u00e1\u0161 souhlas. V ostatn\u00edch p\u0159\u00edpadech jsou tyto \u00fadaje pou\u017e\u00edv\u00e1ny na z\u00e1klad\u011b Va\u0161eho souhlasu se zas\u00edl\u00e1n\u00edm obchodn\u00edch sd\u011blen\u00ed.<\/p><h3><strong>KDO JE P\u0158\u00cdJEMCEM OSOBN\u00cdCH \u00daDAJ\u016e<\/strong><\/h3><p>P\u0159\u00edjemci osobn\u00edch \u00fadaj\u016f, kter\u00fdm m\u016f\u017ee spr\u00e1vce v od\u016fvodn\u011bn\u00fdch p\u0159\u00edpadech a v nezbytn\u00e9m rozsahu va\u0161e osobn\u00ed \u00fadaje p\u0159ed\u00e1vat, jsou v souladu s ustanoven\u00edmi pr\u00e1vn\u00edch p\u0159edpis\u016f v konkr\u00e9tn\u00edch p\u0159\u00edpadech: subjekt \u00fadaj\u016f, resp. klient, org\u00e1ny ve\u0159ejn\u00e9 moci, poradci na z\u00e1klad\u011b smlouvy o poskytov\u00e1n\u00ed slu\u017eeb.<\/p><p>Osobn\u00ed \u00fadaje mohou b\u00fdt pro zaji\u0161t\u011bn\u00ed v\u00fd\u0161e popsan\u00fdch \u00fa\u010del\u016f zpracov\u00e1v\u00e1ny vedle spr\u00e1vce tak\u00e9 zpracovateli, a to na z\u00e1klad\u011b smluv o zpracov\u00e1n\u00ed osobn\u00edch \u00fadaj\u016f uzav\u0159en\u00fdch v souladu s obecn\u00fdm na\u0159\u00edzen\u00edm o ochran\u011b osobn\u00edch \u00fadaj\u016f.<\/p><p>Osobn\u00ed \u00fadaje nebudou p\u0159ed\u00e1v\u00e1ny mimo \u00fazem\u00ed Evropsk\u00e9 unie.<\/p><h3><strong><br \/>DOBA ZPRACOV\u00c1N\u00cd \u00daDAJ\u016e<\/strong><\/h3><p>Osobn\u00ed \u00fadaje jsou zpracov\u00e1v\u00e1ny a uchov\u00e1v\u00e1ny po dobu nezbytn\u011b nutnou k dosa\u017een\u00ed \u00fa\u010delu jejich zpracov\u00e1n\u00ed, zejm\u00e9na po dobu, po kterou je subjekt \u00fadaj\u016f klientem spr\u00e1vce, a n\u00e1sledn\u011b po dobu 5 let pot\u00e9, co j\u00edm p\u0159estane b\u00fdt, p\u0159\u00edpadn\u011b po dobu stanovenou pr\u00e1vn\u00edmi p\u0159edpisy.<\/p><p>Po uplynut\u00ed t\u00e9to doby spr\u00e1vce va\u0161e osobn\u00ed \u00fadaje zlikviduje, leda\u017ee bude opr\u00e1vn\u011bn nebo povinen tyto \u00fadaje zpracov\u00e1vat na z\u00e1klad\u011b jin\u00e9ho pr\u00e1vn\u00edho titulu. Va\u0161e osobn\u00ed \u00fadaje budou spr\u00e1vcem rovn\u011b\u017e zpracov\u00e1v\u00e1ny po dobu veden\u00ed p\u0159\u00edpadn\u00fdch soudn\u00edch spor\u016f. Dokumenty, v nich\u017e jsou obsa\u017eeny va\u0161e osobn\u00ed \u00fadaje, bude spr\u00e1vce v p\u0159\u00edpadech, kde mu to ukl\u00e1d\u00e1 pr\u00e1vn\u00ed p\u0159edpis, archivovat po p\u0159edepsanou dobu.<\/p><h3><strong><br \/>PR\u00c1VA SUBJEKTU \u00daDAJ\u016e<\/strong><\/h3><p>Mezi Va\u0161e pr\u00e1va v souvislosti se zpracov\u00e1n\u00edm \u00fadaj\u016f pat\u0159\u00ed:<\/p><ul role=\"list\"><li>\u200d<strong>pr\u00e1vo po\u017eadovat p\u0159\u00edstup<\/strong>\u00a0k osobn\u00edm \u00fadaj\u016fm, kter\u00e9 o v\u00e1s zpracov\u00e1v\u00e1me, a poskytnut\u00ed kopi\u00ed zpracov\u00e1van\u00fdch osobn\u00edch \u00fadaj\u016f<strong>\u200d<\/strong><\/li><li><strong>pr\u00e1vo na opravu<\/strong>\u00a0zpracov\u00e1van\u00fdch osobn\u00edch \u00fadaj\u016f<strong>\u200d<\/strong><\/li><li><strong>pr\u00e1vo na omezen\u00ed zpracov\u00e1n\u00ed<\/strong>: Omezen\u00ed zpracov\u00e1n\u00ed znamen\u00e1, \u017ee spr\u00e1vce osobn\u00ed \u00fadaje, u nich\u017e bylo zpracov\u00e1n\u00ed omezeno, ozna\u010d\u00ed a po dobu trv\u00e1n\u00ed omezen\u00ed je d\u00e1l nezpracov\u00e1v\u00e1 s v\u00fdjimkou jejich ulo\u017een\u00ed. Pr\u00e1vo na omezen\u00ed zpracov\u00e1n\u00ed m\u00e1 subjekt \u00fadaj\u016f tehdy, jestli\u017ee<\/li><li>pop\u00edr\u00e1 p\u0159esnost osobn\u00edch \u00fadaj\u016f, a to na dobu pot\u0159ebnou k tomu, aby spr\u00e1vce mohl p\u0159esnost osobn\u00edch \u00fadaj\u016f ov\u011b\u0159it<\/li><li>zpracov\u00e1n\u00ed je protipr\u00e1vn\u00ed a subjekt \u00fadaj\u016f odm\u00edt\u00e1 v\u00fdmaz osobn\u00edch \u00fadaj\u016f a \u017e\u00e1d\u00e1 m\u00edsto toho omezen\u00ed jejich pou\u017eit\u00ed<\/li><li>spr\u00e1vce osobn\u00ed \u00fadaje nepot\u0159ebuje pro \u00fa\u010dely zpracov\u00e1n\u00ed, ale subjekt \u00fadaj\u016f je po\u017eaduje pro ur\u010den\u00ed, v\u00fdkon nebo obhajobu pr\u00e1vn\u00edch n\u00e1rok\u016f<\/li><li>vznesl n\u00e1mitku proti zpracov\u00e1n\u00ed uvedenou n\u00ed\u017ee, dokud nebude ov\u011b\u0159eno, zda opr\u00e1vn\u011bn\u00e9 d\u016fvody spr\u00e1vce pro zpracov\u00e1n\u00ed p\u0159eva\u017euj\u00ed nad z\u00e1jmy subjektu \u00fadaj\u016f nebo nad jeho pr\u00e1vy a svobodami<strong>\u200d<\/strong><\/li><li><strong>pr\u00e1vo na v\u00fdmaz<\/strong>\u00a0osobn\u00edch \u00fadaj\u016f, a to zejm\u00e9na v p\u0159\u00edpad\u011b, kdy ji\u017e \u00fadaje nejsou pot\u0159ebn\u00e9 pro \u00fa\u010dely, pro kter\u00e9 byly shrom\u00e1\u017ed\u011bny, do\u0161lo-li k odvol\u00e1n\u00ed souhlasu s jejich zpracov\u00e1n\u00edm, nebo byly-li \u00fadaje zpracov\u00e1ny protipr\u00e1vn\u011b. Pr\u00e1vo na v\u00fdmaz se v\u0161ak neuplatn\u00ed nap\u0159. pokud, je zpracov\u00e1n\u00ed nezbytn\u00e9 pro ur\u010den\u00ed, v\u00fdkon nebo obhajobu pr\u00e1vn\u00edch n\u00e1rok\u016f.<strong>\u200d<\/strong><\/li><li><strong>pr\u00e1vo na p\u0159enositelnost<\/strong>\u00a0<strong>\u00fadaj\u016f<\/strong>: Subjekt \u00fadaj\u016f m\u016f\u017ee \u017e\u00e1dat, aby osobn\u00ed \u00fadaje byly poskytnuty za \u00fa\u010delem jejich p\u0159ed\u00e1n\u00ed jin\u00e9mu spr\u00e1vci osobn\u00edch \u00fadaj\u016f, nebo aby je spr\u00e1vce s\u00e1m p\u0159edal jin\u00e9mu spr\u00e1vci osobn\u00edch \u00fadaj\u016f.<strong>\u200d<\/strong><\/li><li><strong>pr\u00e1vo podat st\u00ed\u017enost<\/strong>\u00a0u \u00da\u0159adu pro ochranu osobn\u00edch \u00fadaj\u016f: Pplk. Sochora 27, 170 00 Praha 7, www.uoou.cz., a to v p\u0159\u00edpad\u011b, \u017ee se subjekt \u00fadaj\u016f domn\u00edv\u00e1, \u017ee zpracov\u00e1n\u00edm osobn\u00edch \u00fadaj\u016f doch\u00e1z\u00ed k poru\u0161en\u00ed pr\u00e1vn\u00edch p\u0159edpis\u016f o ochran\u011b osobn\u00edch \u00fadaj\u016f. St\u00ed\u017enost m\u016f\u017ee podat u dozorov\u00e9ho \u00fa\u0159adu v m\u00edst\u011b sv\u00e9ho obvykl\u00e9ho bydli\u0161t\u011b.<strong>\u200d<\/strong><\/li><li><strong>pr\u00e1vo na odvol\u00e1n\u00ed souhlasu<\/strong>: Odvol\u00e1n\u00ed souhlasu se zpracov\u00e1n\u00edm \u00fadaj\u016f je mo\u017en\u00e9 u\u010dinit p\u00edsemn\u011b (v listinn\u00e9 nebo elektronick\u00e9 form\u011b) na adrese spr\u00e1vce uveden\u00e9 v\u00fd\u0161e. Obchodn\u00ed sd\u011blen\u00ed m\u016f\u017eete kdykoli rychle a jednodu\u0161e p\u0159estat odeb\u00edrat pomoc\u00ed odkazu pro odhl\u00e1\u0161en\u00ed, kter\u00fd je obsa\u017een v ka\u017ed\u00e9m takov\u00e9m sd\u011blen\u00ed. Odvol\u00e1n\u00ed Va\u0161eho souhlasu v\u0161ak nem\u00e1 vliv na z\u00e1konnost jak\u00e9hokoliv zpracov\u00e1n\u00ed prov\u00e1d\u011bn\u00e9ho na z\u00e1klad\u011b d\u0159\u00edve ud\u011blen\u00e9ho souhlasu p\u0159ed jeho odvol\u00e1n\u00edm z Va\u0161\u00ed strany.<strong>\u200d<\/strong><\/li><li><strong>pr\u00e1vo vzn\u00e9st n\u00e1mitku<\/strong>: V p\u0159\u00edpad\u011b, \u017ee osobn\u00ed \u00fadaje klienta jsou zpracov\u00e1v\u00e1ny pro \u00fa\u010dely opr\u00e1vn\u011bn\u00fdch z\u00e1jm\u016f spr\u00e1vce nebo n\u011bkoho dal\u0161\u00edho, m\u00e1 subjekt \u00fadaj\u016f kdykoliv pr\u00e1vo vzn\u00e9st proti takov\u00e9mu zpracov\u00e1n\u00ed n\u00e1mitku. N\u00e1mitku m\u016f\u017ee subjekt \u00fadaj\u016f vzn\u00e9st na adrese s\u00eddla spr\u00e1vce. Pokud takovou n\u00e1mitku vznese, bude spr\u00e1vce opr\u00e1vn\u011bn v takov\u00e9m zpracov\u00e1n\u00ed pokra\u010dovat jen tehdy, pokud prok\u00e1\u017eeme z\u00e1va\u017en\u00e9 opr\u00e1vn\u011bn\u00e9 d\u016fvody pro zpracov\u00e1n\u00ed.<\/li><\/ul><h3><strong>Z\u00c1SADY POU\u017d\u00cdV\u00c1N\u00cd SOUBOR\u016e COOKIES<\/strong><\/h3><p>N\u011bkter\u00e9 \u00fadaje shroma\u017e\u010fujeme automaticky s va\u0161\u00edm souhlasem, nap\u0159\u00edklad pou\u017eit\u00edm cookies, kdy\u017e nav\u0161t\u011bvujete na\u0161e webov\u00e9 str\u00e1nky. Cookies pom\u00e1haj\u00ed rozpoznat za\u0159\u00edzen\u00ed u\u017eivatele a usnad\u0148uj\u00ed se p\u0159ihl\u00e1sit na str\u00e1nku a pou\u017e\u00edvat ji. D\u00edky nim z\u00edsk\u00e1v\u00e1me zp\u011btnou vazbu o nav\u0161t\u00edven\u00fdch str\u00e1nk\u00e1ch, tak\u017ee m\u016f\u017eeme posuzovat efektivitu na\u0161ich str\u00e1nek a nad\u00e1le je pro v\u00e1s zlep\u0161ovat a u\u017eivatelsky p\u0159izp\u016fsobovat. Soubory cookies se pou\u017e\u00edvaj\u00ed pro zlep\u0161en\u00ed fungov\u00e1n\u00ed webov\u00fdch str\u00e1nek, vyhodnocen\u00ed jejich n\u00e1v\u0161t\u011bvnosti a za \u00fa\u010delem lep\u0161\u00edho c\u00edlen\u00ed marketingov\u00fdch aktivit.<\/p><p>Technologie tvorby personalizovan\u00e9ho obsahu a reklamy n\u00e1m tedy umo\u017e\u0148uj\u00ed zobrazovat n\u00e1v\u0161t\u011bvn\u00edk\u016fm, kte\u0159\u00ed ji\u017e o na\u0161e webov\u00e9 str\u00e1nky \u010di slu\u017eby projevili z\u00e1jem, na\u0161e reklamy. Sna\u017e\u00edme se o to, aby se v\u00e1m zobrazovala pouze ta reklama, kter\u00e1 v\u00e1s skute\u010dn\u011b zaj\u00edm\u00e1,<br \/>a nikoliv reklama bez jak\u00e9koliv vazby k va\u0161\u00ed osob\u011b a z\u00e1jm\u016fm.<\/p><p>V\u00edce informac\u00ed o zpracov\u00e1n\u00ed cookies najdete na str\u00e1nce:<\/p><p><a href=\"https:\/\/policies.google.com\/technologies\/cookies?hl=cs\">https:\/\/policies.google.com\/technologies\/cookies?hl=cs<\/a><\/p><p>Za \u00fa\u010delem uplatn\u011bn\u00ed sv\u00fdch pr\u00e1v \u010di v p\u0159\u00edpad\u011b jak\u00fdchkoliv ot\u00e1zek nebo st\u00ed\u017enost\u00ed se m\u016f\u017eete na spr\u00e1vce obr\u00e1tit po\u0161tou na adresu Karolinsk\u00e1 707\/7, Karl\u00edn, 186 00 Praha 8 nebo e-mailem na adresu info@vivererealestate.cz<\/p><\/div><\/div>\t\t\t\t\t\t\t\t<\/div>\n\t\t\t\t\t<\/div>\n\t\t\t\t<\/div>\n\t\t\t\t<\/div>","protected":false},"excerpt":{"rendered":"<p>Informace o\u00a0zpracov\u00e1n\u00ed osobn\u00edch \u00fadaj\u016f Ochrana osobn\u00edch \u00fadaj\u016f klient\u016f je na\u0161\u00ed prioritou. \u00dac\u030celem tohoto dokumentu je pr\u030cedev\u0161\u00edm poskytnout v\u00e1m informace o zp\u016fsobu a rozsahu zpracov\u00e1n\u00ed t\u011bchto \u00fadaj\u016f, jako\u017e i o pr\u00e1vech, kter\u00e1 v\u00e1m v souvislosti s jejich zpracov\u00e1n\u00edm n\u00e1le\u017e\u00ed. P\u0159i zpracov\u00e1v\u00e1n\u00ed osobn\u00edch \u00fadaj\u016f se \u0159\u00edd\u00edme platn\u00fdmi pr\u00e1vn\u00edmi p\u0159edpisy, zejm\u00e9na z\u00e1konem\u010d. 110\/2019 Sb., o zpracov\u00e1n\u00ed osobn\u00edch \u00fadaj\u016f&#8230;<\/p>","protected":false},"author":1,"featured_media":55637,"parent":0,"menu_order":0,"comment_status":"closed","ping_status":"closed","template":"","meta":{"_acf_changed":false,"footnotes":""},"class_list":["post-56252","page","type-page","status-publish","has-post-thumbnail","hentry"],"acf":[],"_links":{"self":[{"href":"https:\/\/mycodelab.space\/en\/wp-json\/wp\/v2\/pages\/56252","targetHints":{"allow":["GET"]}}],"collection":[{"href":"https:\/\/mycodelab.space\/en\/wp-json\/wp\/v2\/pages"}],"about":[{"href":"https:\/\/mycodelab.space\/en\/wp-json\/wp\/v2\/types\/page"}],"author":[{"embeddable":true,"href":"https:\/\/mycodelab.space\/en\/wp-json\/wp\/v2\/users\/1"}],"replies":[{"embeddable":true,"href":"https:\/\/mycodelab.space\/en\/wp-json\/wp\/v2\/comments?post=56252"}],"version-history":[{"count":0,"href":"https:\/\/mycodelab.space\/en\/wp-json\/wp\/v2\/pages\/56252\/revisions"}],"wp:featuredmedia":[{"embeddable":true,"href":"https:\/\/mycodelab.space\/en\/wp-json\/wp\/v2\/media\/55637"}],"wp:attachment":[{"href":"https:\/\/mycodelab.space\/en\/wp-json\/wp\/v2\/media?parent=56252"}],"curies":[{"name":"wp","href":"https:\/\/api.w.org\/{rel}","templated":true}]}}